{"id":9096,"date":"2026-04-17T17:00:45","date_gmt":"2026-04-17T15:00:45","guid":{"rendered":"https:\/\/ace-entertainmentgroup.nl\/boekingen\/?post_type=product&#038;p=9096"},"modified":"2026-04-17T17:21:00","modified_gmt":"2026-04-17T15:21:00","slug":"donny-ponsen","status":"publish","type":"product","link":"https:\/\/ace-entertainmentgroup.nl\/boekingen\/artiesten\/donny-ponsen\/","title":{"rendered":"Donny Ponsen"},"content":{"rendered":"<p>Donny Ponsen is een opvallende nieuwkomer binnen de Nederlandstalige muziek. Met populaire nummers als <em>\u201cDrink Rode Wijn\u201d<\/em> en <em>\u201cVoor E\u00e9n Kus Van Jou\u201d<\/em> behaalde hij miljoenen streams en een gouden plaat. Zijn muziekstijl, een energieke mix van traditionele volksmuziek en moderne popinvloeden spreekt een breed publiek aan en maakt hem een herkenbare naam in het genre.<\/p>\n<p>Zijn grote doorbraak volgde in januari 2020 met de hit <em>\u201cDrink Rode Wijn\u201d<\/em>. Het nummer groeide uit tot een ware publieksfavoriet, verzamelde inmiddels meer dan 9,5 miljoen streams en werd bekroond met een gouden plaat. Zelfs tijdens de pandemie bleef de track aan populariteit winnen, wat Donny\u2019s positie in de Nederlandstalige muziekscene verder verstevigde.<\/p>\n<p>In mei 2024 zette Donny een belangrijke stap in zijn carri\u00e8re door een contract te tekenen bij Cornelis Music. Deze samenwerking onderstreept zijn ambitie en focus op artistieke groei. Kort daarna bracht hij zijn single <em>\u201cFlamingo (Jij Bent Het Voor Mij)\u201d<\/em> uit, een frisse bewerking van het Haagse dialectnummer <em>\u201cJ\u00e8 Bent Ut Vo\u00e2h M\u00e8n\u201d<\/em> van De R\u00e8g\u00e2hs. Met zomerse vibes en herkenbare teksten weet Donny opnieuw zijn publiek te verrassen en te vermaken.<\/p>\n<p><strong>Donny Ponsen is te boeken via <em>Ace Entertainment Group<\/em>\u00a0en zorgt gegarandeerd voor een sfeervol en energiek optreden. Neem contact op met\u00a0<em>Ace Entertainment Group<\/em>\u00a0voor boekingen en meer informatie.<\/strong><\/p>\n","protected":false},"excerpt":{"rendered":"<p>Donny Ponsen is een opvallende nieuwkomer binnen de Nederlandstalige muziek. Met populaire nummers als \u201cDrink Rode Wijn\u201d en \u201cVoor E\u00e9n Kus Van Jou\u201d behaalde hij miljoenen streams en een gouden plaat. Zijn muziekstijl, een energieke mix van traditionele volksmuziek en moderne popinvloeden spreekt een breed publiek aan en maakt hem een herkenbare naam in het [&hellip;]<\/p>\n","protected":false},"featured_media":9098,"template":"","meta":{"inline_featured_image":false},"product_brand":[],"product_cat":[15],"product_tag":[],"class_list":{"0":"post-9096","1":"product","2":"type-product","3":"status-publish","4":"has-post-thumbnail","6":"product_cat-uncategorized","8":"first","9":"instock","10":"sold-individually","11":"shipping-taxable","12":"purchasable","13":"product-type-simple"},"acf":[],"yoast_head":"<!-- This site is optimized with the Yoast SEO plugin v27.3 - https:\/\/yoast.com\/product\/yoast-seo-wordpress\/ -->\n<title>Donny Ponsen - Ace Entertainment Group<\/title>\n<meta name=\"robots\" content=\"index, follow, max-snippet:-1, max-image-preview:large, max-video-preview:-1\" \/>\n<link rel=\"canonical\" href=\"https:\/\/ace-entertainmentgroup.nl\/boekingen\/artiesten\/donny-ponsen\/\" \/>\n<meta property=\"og:locale\" content=\"nl_NL\" \/>\n<meta property=\"og:type\" content=\"article\" \/>\n<meta property=\"og:title\" content=\"Donny Ponsen - Ace Entertainment Group\" \/>\n<meta property=\"og:description\" content=\"Donny Ponsen is een opvallende nieuwkomer binnen de Nederlandstalige muziek. Met populaire nummers als \u201cDrink Rode Wijn\u201d en \u201cVoor E\u00e9n Kus Van Jou\u201d behaalde hij miljoenen streams en een gouden plaat. Zijn muziekstijl, een energieke mix van traditionele volksmuziek en moderne popinvloeden spreekt een breed publiek aan en maakt hem een herkenbare naam in het [&hellip;]\" \/>\n<meta property=\"og:url\" content=\"https:\/\/ace-entertainmentgroup.nl\/boekingen\/artiesten\/donny-ponsen\/\" \/>\n<meta property=\"og:site_name\" content=\"Ace Entertainment Group\" \/>\n<meta property=\"article:modified_time\" content=\"2026-04-17T15:21:00+00:00\" \/>\n<meta property=\"og:image\" content=\"https:\/\/ace-entertainmentgroup.nl\/boekingen\/wp-content\/uploads\/2026\/04\/donny-ponsen-boeken-1718265610-17887srdfg.jpg\" \/>\n\t<meta property=\"og:image:width\" content=\"648\" \/>\n\t<meta property=\"og:image:height\" content=\"685\" \/>\n\t<meta property=\"og:image:type\" content=\"image\/jpeg\" \/>\n<meta name=\"twitter:card\" content=\"summary_large_image\" \/>\n<meta name=\"twitter:label1\" content=\"Geschatte leestijd\" \/>\n\t<meta name=\"twitter:data1\" content=\"2 minuten\" \/>\n<script type=\"application\/ld+json\" class=\"yoast-schema-graph\">{\"@context\":\"https:\\\/\\\/schema.org\",\"@graph\":[{\"@type\":\"WebPage\",\"@id\":\"https:\\\/\\\/ace-entertainmentgroup.nl\\\/boekingen\\\/artiesten\\\/donny-ponsen\\\/\",\"url\":\"https:\\\/\\\/ace-entertainmentgroup.nl\\\/boekingen\\\/artiesten\\\/donny-ponsen\\\/\",\"name\":\"Donny Ponsen - Ace Entertainment Group\",\"isPartOf\":{\"@id\":\"https:\\\/\\\/ace-entertainmentgroup.nl\\\/boekingen\\\/#website\"},\"primaryImageOfPage\":{\"@id\":\"https:\\\/\\\/ace-entertainmentgroup.nl\\\/boekingen\\\/artiesten\\\/donny-ponsen\\\/#primaryimage\"},\"image\":{\"@id\":\"https:\\\/\\\/ace-entertainmentgroup.nl\\\/boekingen\\\/artiesten\\\/donny-ponsen\\\/#primaryimage\"},\"thumbnailUrl\":\"https:\\\/\\\/ace-entertainmentgroup.nl\\\/boekingen\\\/wp-content\\\/uploads\\\/2026\\\/04\\\/donny-ponsen-boeken-1718265610-17887srdfg.jpg\",\"datePublished\":\"2026-04-17T15:00:45+00:00\",\"dateModified\":\"2026-04-17T15:21:00+00:00\",\"breadcrumb\":{\"@id\":\"https:\\\/\\\/ace-entertainmentgroup.nl\\\/boekingen\\\/artiesten\\\/donny-ponsen\\\/#breadcrumb\"},\"inLanguage\":\"nl-NL\",\"potentialAction\":[{\"@type\":\"ReadAction\",\"target\":[\"https:\\\/\\\/ace-entertainmentgroup.nl\\\/boekingen\\\/artiesten\\\/donny-ponsen\\\/\"]}]},{\"@type\":\"ImageObject\",\"inLanguage\":\"nl-NL\",\"@id\":\"https:\\\/\\\/ace-entertainmentgroup.nl\\\/boekingen\\\/artiesten\\\/donny-ponsen\\\/#primaryimage\",\"url\":\"https:\\\/\\\/ace-entertainmentgroup.nl\\\/boekingen\\\/wp-content\\\/uploads\\\/2026\\\/04\\\/donny-ponsen-boeken-1718265610-17887srdfg.jpg\",\"contentUrl\":\"https:\\\/\\\/ace-entertainmentgroup.nl\\\/boekingen\\\/wp-content\\\/uploads\\\/2026\\\/04\\\/donny-ponsen-boeken-1718265610-17887srdfg.jpg\",\"width\":648,\"height\":685},{\"@type\":\"BreadcrumbList\",\"@id\":\"https:\\\/\\\/ace-entertainmentgroup.nl\\\/boekingen\\\/artiesten\\\/donny-ponsen\\\/#breadcrumb\",\"itemListElement\":[{\"@type\":\"ListItem\",\"position\":1,\"name\":\"Home\",\"item\":\"https:\\\/\\\/ace-entertainmentgroup.nl\\\/boekingen\\\/\"},{\"@type\":\"ListItem\",\"position\":2,\"name\":\"Artiesten\",\"item\":\"https:\\\/\\\/ace-entertainmentgroup.nl\\\/boekingen\\\/artiesten\\\/\"},{\"@type\":\"ListItem\",\"position\":3,\"name\":\"Donny Ponsen\"}]},{\"@type\":\"WebSite\",\"@id\":\"https:\\\/\\\/ace-entertainmentgroup.nl\\\/boekingen\\\/#website\",\"url\":\"https:\\\/\\\/ace-entertainmentgroup.nl\\\/boekingen\\\/\",\"name\":\"Ace Entertainment Group\",\"description\":\"\",\"potentialAction\":[{\"@type\":\"SearchAction\",\"target\":{\"@type\":\"EntryPoint\",\"urlTemplate\":\"https:\\\/\\\/ace-entertainmentgroup.nl\\\/boekingen\\\/?s={search_term_string}\"},\"query-input\":{\"@type\":\"PropertyValueSpecification\",\"valueRequired\":true,\"valueName\":\"search_term_string\"}}],\"inLanguage\":\"nl-NL\"}]}<\/script>\n<!-- \/ Yoast SEO plugin. -->","yoast_head_json":{"title":"Donny Ponsen - Ace Entertainment Group","robots":{"index":"index","follow":"follow","max-snippet":"max-snippet:-1","max-image-preview":"max-image-preview:large","max-video-preview":"max-video-preview:-1"},"canonical":"https:\/\/ace-entertainmentgroup.nl\/boekingen\/artiesten\/donny-ponsen\/","og_locale":"nl_NL","og_type":"article","og_title":"Donny Ponsen - Ace Entertainment Group","og_description":"Donny Ponsen is een opvallende nieuwkomer binnen de Nederlandstalige muziek. Met populaire nummers als \u201cDrink Rode Wijn\u201d en \u201cVoor E\u00e9n Kus Van Jou\u201d behaalde hij miljoenen streams en een gouden plaat. Zijn muziekstijl, een energieke mix van traditionele volksmuziek en moderne popinvloeden spreekt een breed publiek aan en maakt hem een herkenbare naam in het [&hellip;]","og_url":"https:\/\/ace-entertainmentgroup.nl\/boekingen\/artiesten\/donny-ponsen\/","og_site_name":"Ace Entertainment Group","article_modified_time":"2026-04-17T15:21:00+00:00","og_image":[{"width":648,"height":685,"url":"https:\/\/ace-entertainmentgroup.nl\/boekingen\/wp-content\/uploads\/2026\/04\/donny-ponsen-boeken-1718265610-17887srdfg.jpg","type":"image\/jpeg"}],"twitter_card":"summary_large_image","twitter_misc":{"Geschatte leestijd":"2 minuten"},"schema":{"@context":"https:\/\/schema.org","@graph":[{"@type":"WebPage","@id":"https:\/\/ace-entertainmentgroup.nl\/boekingen\/artiesten\/donny-ponsen\/","url":"https:\/\/ace-entertainmentgroup.nl\/boekingen\/artiesten\/donny-ponsen\/","name":"Donny Ponsen - Ace Entertainment Group","isPartOf":{"@id":"https:\/\/ace-entertainmentgroup.nl\/boekingen\/#website"},"primaryImageOfPage":{"@id":"https:\/\/ace-entertainmentgroup.nl\/boekingen\/artiesten\/donny-ponsen\/#primaryimage"},"image":{"@id":"https:\/\/ace-entertainmentgroup.nl\/boekingen\/artiesten\/donny-ponsen\/#primaryimage"},"thumbnailUrl":"https:\/\/ace-entertainmentgroup.nl\/boekingen\/wp-content\/uploads\/2026\/04\/donny-ponsen-boeken-1718265610-17887srdfg.jpg","datePublished":"2026-04-17T15:00:45+00:00","dateModified":"2026-04-17T15:21:00+00:00","breadcrumb":{"@id":"https:\/\/ace-entertainmentgroup.nl\/boekingen\/artiesten\/donny-ponsen\/#breadcrumb"},"inLanguage":"nl-NL","potentialAction":[{"@type":"ReadAction","target":["https:\/\/ace-entertainmentgroup.nl\/boekingen\/artiesten\/donny-ponsen\/"]}]},{"@type":"ImageObject","inLanguage":"nl-NL","@id":"https:\/\/ace-entertainmentgroup.nl\/boekingen\/artiesten\/donny-ponsen\/#primaryimage","url":"https:\/\/ace-entertainmentgroup.nl\/boekingen\/wp-content\/uploads\/2026\/04\/donny-ponsen-boeken-1718265610-17887srdfg.jpg","contentUrl":"https:\/\/ace-entertainmentgroup.nl\/boekingen\/wp-content\/uploads\/2026\/04\/donny-ponsen-boeken-1718265610-17887srdfg.jpg","width":648,"height":685},{"@type":"BreadcrumbList","@id":"https:\/\/ace-entertainmentgroup.nl\/boekingen\/artiesten\/donny-ponsen\/#breadcrumb","itemListElement":[{"@type":"ListItem","position":1,"name":"Home","item":"https:\/\/ace-entertainmentgroup.nl\/boekingen\/"},{"@type":"ListItem","position":2,"name":"Artiesten","item":"https:\/\/ace-entertainmentgroup.nl\/boekingen\/artiesten\/"},{"@type":"ListItem","position":3,"name":"Donny Ponsen"}]},{"@type":"WebSite","@id":"https:\/\/ace-entertainmentgroup.nl\/boekingen\/#website","url":"https:\/\/ace-entertainmentgroup.nl\/boekingen\/","name":"Ace Entertainment Group","description":"","potentialAction":[{"@type":"SearchAction","target":{"@type":"EntryPoint","urlTemplate":"https:\/\/ace-entertainmentgroup.nl\/boekingen\/?s={search_term_string}"},"query-input":{"@type":"PropertyValueSpecification","valueRequired":true,"valueName":"search_term_string"}}],"inLanguage":"nl-NL"}]}},"_links":{"self":[{"href":"https:\/\/ace-entertainmentgroup.nl\/boekingen\/wp-json\/wp\/v2\/product\/9096","targetHints":{"allow":["GET"]}}],"collection":[{"href":"https:\/\/ace-entertainmentgroup.nl\/boekingen\/wp-json\/wp\/v2\/product"}],"about":[{"href":"https:\/\/ace-entertainmentgroup.nl\/boekingen\/wp-json\/wp\/v2\/types\/product"}],"wp:featuredmedia":[{"embeddable":true,"href":"https:\/\/ace-entertainmentgroup.nl\/boekingen\/wp-json\/wp\/v2\/media\/9098"}],"wp:attachment":[{"href":"https:\/\/ace-entertainmentgroup.nl\/boekingen\/wp-json\/wp\/v2\/media?parent=9096"}],"wp:term":[{"taxonomy":"product_brand","embeddable":true,"href":"https:\/\/ace-entertainmentgroup.nl\/boekingen\/wp-json\/wp\/v2\/product_brand?post=9096"},{"taxonomy":"product_cat","embeddable":true,"href":"https:\/\/ace-entertainmentgroup.nl\/boekingen\/wp-json\/wp\/v2\/product_cat?post=9096"},{"taxonomy":"product_tag","embeddable":true,"href":"https:\/\/ace-entertainmentgroup.nl\/boekingen\/wp-json\/wp\/v2\/product_tag?post=9096"}],"curies":[{"name":"wp","href":"https:\/\/api.w.org\/{rel}","templated":true}]}}