{"id":9038,"date":"2026-03-31T19:55:25","date_gmt":"2026-03-31T17:55:25","guid":{"rendered":"https:\/\/ace-entertainmentgroup.nl\/boekingen\/?post_type=product&#038;p=9038"},"modified":"2026-03-31T19:55:25","modified_gmt":"2026-03-31T17:55:25","slug":"smeltkroes","status":"publish","type":"product","link":"https:\/\/ace-entertainmentgroup.nl\/boekingen\/artiesten\/smeltkroes\/","title":{"rendered":"Smeltkroes"},"content":{"rendered":"<p>Smeltkroes staat voor het samenkomen van verschillende elementen: culturen, tradities en mensen met diverse achtergronden die versmelten tot \u00e9\u00e9n geheel.<\/p>\n<p>Precies d\u00e1t is wat deze act meebrengt naar ieder evenement.<br \/>\nVerwacht een explosieve mix van muziekstijlen: van sexy (Nederlandse) urban, dancehall en afro\u2011hits tot de guilty pleasures uit de 90\u2019s en 00\u2019s die iedereen stiekem meezingt.<\/p>\n<p>Aangevuld met herkenbare house\u2011 en techno\u2011knallers ontstaat een set die constant verrast en het publiek in beweging houdt.<br \/>\nHet doel is simpel maar krachtig: de volledige feestmenigte laten samensmelten tot \u00e9\u00e9n dansende massa.<\/p>\n<p>Niemand blijft stilstaan, iedereen krijgt waar die voor komt \u2014 een onvergetelijk, keihard feestje.<\/p>\n<p>Boek deze ultieme beleving vol energie bij <strong>Ace Entertainment Group.<\/strong><\/p>\n","protected":false},"excerpt":{"rendered":"<p>Smeltkroes staat voor het samenkomen van verschillende elementen: culturen, tradities en mensen met diverse achtergronden die versmelten tot \u00e9\u00e9n geheel. Precies d\u00e1t is wat deze act meebrengt naar ieder evenement. Verwacht een explosieve mix van muziekstijlen: van sexy (Nederlandse) urban, dancehall en afro\u2011hits tot de guilty pleasures uit de 90\u2019s en 00\u2019s die iedereen stiekem [&hellip;]<\/p>\n","protected":false},"featured_media":9044,"template":"","meta":{"inline_featured_image":false},"product_brand":[],"product_cat":[15],"product_tag":[],"class_list":{"0":"post-9038","1":"product","2":"type-product","3":"status-publish","4":"has-post-thumbnail","6":"product_cat-uncategorized","8":"first","9":"instock","10":"sold-individually","11":"shipping-taxable","12":"purchasable","13":"product-type-simple"},"acf":[],"yoast_head":"<!-- This site is optimized with the Yoast SEO plugin v27.3 - https:\/\/yoast.com\/product\/yoast-seo-wordpress\/ -->\n<title>Smeltkroes - Ace Entertainment Group<\/title>\n<meta name=\"robots\" content=\"index, follow, max-snippet:-1, max-image-preview:large, max-video-preview:-1\" \/>\n<link rel=\"canonical\" href=\"https:\/\/ace-entertainmentgroup.nl\/boekingen\/artiesten\/smeltkroes\/\" \/>\n<meta property=\"og:locale\" content=\"nl_NL\" \/>\n<meta property=\"og:type\" content=\"article\" \/>\n<meta property=\"og:title\" content=\"Smeltkroes - Ace Entertainment Group\" \/>\n<meta property=\"og:description\" content=\"Smeltkroes staat voor het samenkomen van verschillende elementen: culturen, tradities en mensen met diverse achtergronden die versmelten tot \u00e9\u00e9n geheel. Precies d\u00e1t is wat deze act meebrengt naar ieder evenement. Verwacht een explosieve mix van muziekstijlen: van sexy (Nederlandse) urban, dancehall en afro\u2011hits tot de guilty pleasures uit de 90\u2019s en 00\u2019s die iedereen stiekem [&hellip;]\" \/>\n<meta property=\"og:url\" content=\"https:\/\/ace-entertainmentgroup.nl\/boekingen\/artiesten\/smeltkroes\/\" \/>\n<meta property=\"og:site_name\" content=\"Ace Entertainment Group\" \/>\n<meta property=\"og:image\" content=\"https:\/\/ace-entertainmentgroup.nl\/boekingen\/wp-content\/uploads\/2026\/03\/Smeltkroes-ZT100-5.jpg\" \/>\n\t<meta property=\"og:image:width\" content=\"2029\" \/>\n\t<meta property=\"og:image:height\" content=\"1956\" \/>\n\t<meta property=\"og:image:type\" content=\"image\/jpeg\" \/>\n<meta name=\"twitter:card\" content=\"summary_large_image\" \/>\n<meta name=\"twitter:label1\" content=\"Geschatte leestijd\" \/>\n\t<meta name=\"twitter:data1\" content=\"1 minuut\" \/>\n<script type=\"application\/ld+json\" class=\"yoast-schema-graph\">{\"@context\":\"https:\\\/\\\/schema.org\",\"@graph\":[{\"@type\":\"WebPage\",\"@id\":\"https:\\\/\\\/ace-entertainmentgroup.nl\\\/boekingen\\\/artiesten\\\/smeltkroes\\\/\",\"url\":\"https:\\\/\\\/ace-entertainmentgroup.nl\\\/boekingen\\\/artiesten\\\/smeltkroes\\\/\",\"name\":\"Smeltkroes - Ace Entertainment Group\",\"isPartOf\":{\"@id\":\"https:\\\/\\\/ace-entertainmentgroup.nl\\\/boekingen\\\/#website\"},\"primaryImageOfPage\":{\"@id\":\"https:\\\/\\\/ace-entertainmentgroup.nl\\\/boekingen\\\/artiesten\\\/smeltkroes\\\/#primaryimage\"},\"image\":{\"@id\":\"https:\\\/\\\/ace-entertainmentgroup.nl\\\/boekingen\\\/artiesten\\\/smeltkroes\\\/#primaryimage\"},\"thumbnailUrl\":\"https:\\\/\\\/ace-entertainmentgroup.nl\\\/boekingen\\\/wp-content\\\/uploads\\\/2026\\\/03\\\/Smeltkroes-ZT100-5.jpg\",\"datePublished\":\"2026-03-31T17:55:25+00:00\",\"breadcrumb\":{\"@id\":\"https:\\\/\\\/ace-entertainmentgroup.nl\\\/boekingen\\\/artiesten\\\/smeltkroes\\\/#breadcrumb\"},\"inLanguage\":\"nl-NL\",\"potentialAction\":[{\"@type\":\"ReadAction\",\"target\":[\"https:\\\/\\\/ace-entertainmentgroup.nl\\\/boekingen\\\/artiesten\\\/smeltkroes\\\/\"]}]},{\"@type\":\"ImageObject\",\"inLanguage\":\"nl-NL\",\"@id\":\"https:\\\/\\\/ace-entertainmentgroup.nl\\\/boekingen\\\/artiesten\\\/smeltkroes\\\/#primaryimage\",\"url\":\"https:\\\/\\\/ace-entertainmentgroup.nl\\\/boekingen\\\/wp-content\\\/uploads\\\/2026\\\/03\\\/Smeltkroes-ZT100-5.jpg\",\"contentUrl\":\"https:\\\/\\\/ace-entertainmentgroup.nl\\\/boekingen\\\/wp-content\\\/uploads\\\/2026\\\/03\\\/Smeltkroes-ZT100-5.jpg\",\"width\":2029,\"height\":1956},{\"@type\":\"BreadcrumbList\",\"@id\":\"https:\\\/\\\/ace-entertainmentgroup.nl\\\/boekingen\\\/artiesten\\\/smeltkroes\\\/#breadcrumb\",\"itemListElement\":[{\"@type\":\"ListItem\",\"position\":1,\"name\":\"Home\",\"item\":\"https:\\\/\\\/ace-entertainmentgroup.nl\\\/boekingen\\\/\"},{\"@type\":\"ListItem\",\"position\":2,\"name\":\"Artiesten\",\"item\":\"https:\\\/\\\/ace-entertainmentgroup.nl\\\/boekingen\\\/artiesten\\\/\"},{\"@type\":\"ListItem\",\"position\":3,\"name\":\"Smeltkroes\"}]},{\"@type\":\"WebSite\",\"@id\":\"https:\\\/\\\/ace-entertainmentgroup.nl\\\/boekingen\\\/#website\",\"url\":\"https:\\\/\\\/ace-entertainmentgroup.nl\\\/boekingen\\\/\",\"name\":\"Ace Entertainment Group\",\"description\":\"\",\"potentialAction\":[{\"@type\":\"SearchAction\",\"target\":{\"@type\":\"EntryPoint\",\"urlTemplate\":\"https:\\\/\\\/ace-entertainmentgroup.nl\\\/boekingen\\\/?s={search_term_string}\"},\"query-input\":{\"@type\":\"PropertyValueSpecification\",\"valueRequired\":true,\"valueName\":\"search_term_string\"}}],\"inLanguage\":\"nl-NL\"}]}<\/script>\n<!-- \/ Yoast SEO plugin. -->","yoast_head_json":{"title":"Smeltkroes - Ace Entertainment Group","robots":{"index":"index","follow":"follow","max-snippet":"max-snippet:-1","max-image-preview":"max-image-preview:large","max-video-preview":"max-video-preview:-1"},"canonical":"https:\/\/ace-entertainmentgroup.nl\/boekingen\/artiesten\/smeltkroes\/","og_locale":"nl_NL","og_type":"article","og_title":"Smeltkroes - Ace Entertainment Group","og_description":"Smeltkroes staat voor het samenkomen van verschillende elementen: culturen, tradities en mensen met diverse achtergronden die versmelten tot \u00e9\u00e9n geheel. Precies d\u00e1t is wat deze act meebrengt naar ieder evenement. Verwacht een explosieve mix van muziekstijlen: van sexy (Nederlandse) urban, dancehall en afro\u2011hits tot de guilty pleasures uit de 90\u2019s en 00\u2019s die iedereen stiekem [&hellip;]","og_url":"https:\/\/ace-entertainmentgroup.nl\/boekingen\/artiesten\/smeltkroes\/","og_site_name":"Ace Entertainment Group","og_image":[{"width":2029,"height":1956,"url":"https:\/\/ace-entertainmentgroup.nl\/boekingen\/wp-content\/uploads\/2026\/03\/Smeltkroes-ZT100-5.jpg","type":"image\/jpeg"}],"twitter_card":"summary_large_image","twitter_misc":{"Geschatte leestijd":"1 minuut"},"schema":{"@context":"https:\/\/schema.org","@graph":[{"@type":"WebPage","@id":"https:\/\/ace-entertainmentgroup.nl\/boekingen\/artiesten\/smeltkroes\/","url":"https:\/\/ace-entertainmentgroup.nl\/boekingen\/artiesten\/smeltkroes\/","name":"Smeltkroes - Ace Entertainment Group","isPartOf":{"@id":"https:\/\/ace-entertainmentgroup.nl\/boekingen\/#website"},"primaryImageOfPage":{"@id":"https:\/\/ace-entertainmentgroup.nl\/boekingen\/artiesten\/smeltkroes\/#primaryimage"},"image":{"@id":"https:\/\/ace-entertainmentgroup.nl\/boekingen\/artiesten\/smeltkroes\/#primaryimage"},"thumbnailUrl":"https:\/\/ace-entertainmentgroup.nl\/boekingen\/wp-content\/uploads\/2026\/03\/Smeltkroes-ZT100-5.jpg","datePublished":"2026-03-31T17:55:25+00:00","breadcrumb":{"@id":"https:\/\/ace-entertainmentgroup.nl\/boekingen\/artiesten\/smeltkroes\/#breadcrumb"},"inLanguage":"nl-NL","potentialAction":[{"@type":"ReadAction","target":["https:\/\/ace-entertainmentgroup.nl\/boekingen\/artiesten\/smeltkroes\/"]}]},{"@type":"ImageObject","inLanguage":"nl-NL","@id":"https:\/\/ace-entertainmentgroup.nl\/boekingen\/artiesten\/smeltkroes\/#primaryimage","url":"https:\/\/ace-entertainmentgroup.nl\/boekingen\/wp-content\/uploads\/2026\/03\/Smeltkroes-ZT100-5.jpg","contentUrl":"https:\/\/ace-entertainmentgroup.nl\/boekingen\/wp-content\/uploads\/2026\/03\/Smeltkroes-ZT100-5.jpg","width":2029,"height":1956},{"@type":"BreadcrumbList","@id":"https:\/\/ace-entertainmentgroup.nl\/boekingen\/artiesten\/smeltkroes\/#breadcrumb","itemListElement":[{"@type":"ListItem","position":1,"name":"Home","item":"https:\/\/ace-entertainmentgroup.nl\/boekingen\/"},{"@type":"ListItem","position":2,"name":"Artiesten","item":"https:\/\/ace-entertainmentgroup.nl\/boekingen\/artiesten\/"},{"@type":"ListItem","position":3,"name":"Smeltkroes"}]},{"@type":"WebSite","@id":"https:\/\/ace-entertainmentgroup.nl\/boekingen\/#website","url":"https:\/\/ace-entertainmentgroup.nl\/boekingen\/","name":"Ace Entertainment Group","description":"","potentialAction":[{"@type":"SearchAction","target":{"@type":"EntryPoint","urlTemplate":"https:\/\/ace-entertainmentgroup.nl\/boekingen\/?s={search_term_string}"},"query-input":{"@type":"PropertyValueSpecification","valueRequired":true,"valueName":"search_term_string"}}],"inLanguage":"nl-NL"}]}},"_links":{"self":[{"href":"https:\/\/ace-entertainmentgroup.nl\/boekingen\/wp-json\/wp\/v2\/product\/9038","targetHints":{"allow":["GET"]}}],"collection":[{"href":"https:\/\/ace-entertainmentgroup.nl\/boekingen\/wp-json\/wp\/v2\/product"}],"about":[{"href":"https:\/\/ace-entertainmentgroup.nl\/boekingen\/wp-json\/wp\/v2\/types\/product"}],"wp:featuredmedia":[{"embeddable":true,"href":"https:\/\/ace-entertainmentgroup.nl\/boekingen\/wp-json\/wp\/v2\/media\/9044"}],"wp:attachment":[{"href":"https:\/\/ace-entertainmentgroup.nl\/boekingen\/wp-json\/wp\/v2\/media?parent=9038"}],"wp:term":[{"taxonomy":"product_brand","embeddable":true,"href":"https:\/\/ace-entertainmentgroup.nl\/boekingen\/wp-json\/wp\/v2\/product_brand?post=9038"},{"taxonomy":"product_cat","embeddable":true,"href":"https:\/\/ace-entertainmentgroup.nl\/boekingen\/wp-json\/wp\/v2\/product_cat?post=9038"},{"taxonomy":"product_tag","embeddable":true,"href":"https:\/\/ace-entertainmentgroup.nl\/boekingen\/wp-json\/wp\/v2\/product_tag?post=9038"}],"curies":[{"name":"wp","href":"https:\/\/api.w.org\/{rel}","templated":true}]}}