{"id":8601,"date":"2025-05-02T12:15:00","date_gmt":"2025-05-02T10:15:00","guid":{"rendered":"https:\/\/staging.ace-bookingagency.nl\/?page_id=8601"},"modified":"2025-12-19T23:11:27","modified_gmt":"2025-12-19T22:11:27","slug":"totaal-programmering","status":"publish","type":"page","link":"https:\/\/ace-entertainmentgroup.nl\/boekingen\/totaal-programmering\/","title":{"rendered":"Totaal programmering"},"content":{"rendered":"<div class=\"hero hero--image hero--align-30\"\n     style=\"background-image: url('https:\/\/ace-entertainmentgroup.nl\/boekingen\/wp-content\/uploads\/2025\/05\/live-optreden-artiest-jongeman-blauweblouse.jpeg')\">\n                <div class=\"hero__overlay\"><\/div>\n                <div class=\"row hero__content\">\n            <div class=\"columns small-12\">\n                <h1 class=\"hero__title\">\u00c9\u00e9n team, \u00e9\u00e9n visie,<br \/> \u00e9\u00e9n totaalprogrammering<\/h1>\n                                    <span class=\"hero__sub-title\">Voor een event dat klopt tot in de kleinste details<\/span>\n                            <\/div>\n        <\/div>\n        <\/div><section class=\"text-media text-media--normal bg--white\">\n    <div class=\"row\">\n        <div class=\"columns small-12\">\n                                <\/div>\n    <\/div>\n    <div class=\"row \">\n        <div class=\"columns small-12 medium-6 text-media__content\">\n\n            <div class=\"divider\"><\/div>\n            <div class=\"text-media__text\">\n                <p class=\"p1\">Bij Ace Entertainment Group draait alles om de juiste mix: de perfecte line-up, de juiste vibe \u00e9n een vlekkeloze uitvoering. Wij geloven in totaalprogrammering \u2013 \u00e9\u00e9n compleet verhaal waarbij we het hele entertainmentgedeelte van jouw event uit handen nemen. Van het boeken van artiesten tot de volledige technische productie.<\/p>\n<p class=\"p1\">Of je nu een festival, bedrijfsfeest of club night organiseert: wij denken met je mee over een programma dat past bij jouw doelgroep, stijl en ambities. We stellen een diverse en verrassende line-up samen, verzorgen alle boekingen en stemmen alles tot in detail af \u2013 inclusief planning, techniek, podiumindeling en artiestenbegeleiding.<\/p>\n<p class=\"p1\">Maar we gaan verder dan alleen de line-up. Met onze eigen licht- en geluidsservice zorgen we dat iedere show knalt, met haarscherp geluid en een spectaculaire lichtshow afgestemd op de riders van de artiesten. Het podium? Dat ontwerpen en bouwen we op maat, inclusief decoratie, branding en alle technische voorzieningen.<\/p>\n<p class=\"p1\">En voor dat beetje extra flair voegen we optioneel dansers toe \u2013 perfect ge\u00efntegreerd in het programma en afgestemd op de sfeer van het event.<\/p>\n<p class=\"p3\"><b>Bij Ace Entertainment Group boek je geen losse acts of techniek. Je kiest voor \u00e9\u00e9n totaalpakket waarin alles klopt.<\/b><span class=\"s1\"> E\u00e9n aanspreekpunt, \u00e9\u00e9n team, \u00e9\u00e9n compleet geregeld event.<\/span><\/p>\n\n            <\/div>\n                    <\/div>\n                    <div class=\"columns small-12 medium-6 text-media__image-container\">\n                                                                                                    <div class=\"text-media__images text-media--count-3\">\n                                                            <div class=\"text-media__image text-media--image-1\"\n                                     style=\"background-image: url('https:\/\/ace-entertainmentgroup.nl\/boekingen\/wp-content\/uploads\/2025\/05\/HB-Carlo-Tino-Martin-scaled-e1748356930160-1440x560.jpg')\">\n                                <\/div>\n                                                            <div class=\"text-media__image text-media--image-2\"\n                                     style=\"background-image: url('https:\/\/ace-entertainmentgroup.nl\/boekingen\/wp-content\/uploads\/2025\/06\/P2138202-Verbeterd-NR-600x600.jpg')\">\n                                <\/div>\n                                                            <div class=\"text-media__image text-media--image-3\"\n                                     style=\"background-image: url('https:\/\/ace-entertainmentgroup.nl\/boekingen\/wp-content\/uploads\/2025\/06\/P1500659-Verbeterd-NR-600x600.jpg')\">\n                                <\/div>\n                                                    <\/div>\n                                                <\/div>\n\n        \n    <\/div>\n<\/section>","protected":false},"excerpt":{"rendered":"","protected":false},"author":1,"featured_media":0,"parent":0,"menu_order":0,"comment_status":"closed","ping_status":"closed","template":"","meta":{"inline_featured_image":false,"footnotes":""},"class_list":["post-8601","page","type-page","status-publish","hentry"],"acf":[],"yoast_head":"<!-- This site is optimized with the Yoast SEO plugin v27.3 - https:\/\/yoast.com\/product\/yoast-seo-wordpress\/ -->\n<title>Totaal programmering - Ace Entertainment Group<\/title>\n<meta name=\"robots\" content=\"index, follow, max-snippet:-1, max-image-preview:large, max-video-preview:-1\" \/>\n<link rel=\"canonical\" href=\"https:\/\/ace-entertainmentgroup.nl\/boekingen\/totaal-programmering\/\" \/>\n<meta property=\"og:locale\" content=\"nl_NL\" \/>\n<meta property=\"og:type\" content=\"article\" \/>\n<meta property=\"og:title\" content=\"Totaal programmering - Ace Entertainment Group\" \/>\n<meta property=\"og:url\" content=\"https:\/\/ace-entertainmentgroup.nl\/boekingen\/totaal-programmering\/\" \/>\n<meta property=\"og:site_name\" content=\"Ace Entertainment Group\" \/>\n<meta property=\"article:modified_time\" content=\"2025-12-19T22:11:27+00:00\" \/>\n<meta property=\"og:image\" content=\"https:\/\/ace-entertainmentgroup.nl\/boekingen\/wp-content\/uploads\/2026\/01\/harm_contact_aceentertainmentgroup.jpg\" \/>\n\t<meta property=\"og:image:width\" content=\"1440\" \/>\n\t<meta property=\"og:image:height\" content=\"1443\" \/>\n\t<meta property=\"og:image:type\" content=\"image\/jpeg\" \/>\n<meta name=\"twitter:card\" content=\"summary_large_image\" \/>\n<meta name=\"twitter:label1\" content=\"Geschatte leestijd\" \/>\n\t<meta name=\"twitter:data1\" content=\"2 minuten\" \/>\n<script type=\"application\/ld+json\" class=\"yoast-schema-graph\">{\"@context\":\"https:\\\/\\\/schema.org\",\"@graph\":[{\"@type\":\"WebPage\",\"@id\":\"https:\\\/\\\/ace-entertainmentgroup.nl\\\/boekingen\\\/totaal-programmering\\\/\",\"url\":\"https:\\\/\\\/ace-entertainmentgroup.nl\\\/boekingen\\\/totaal-programmering\\\/\",\"name\":\"Totaal programmering - Ace Entertainment Group\",\"isPartOf\":{\"@id\":\"https:\\\/\\\/ace-entertainmentgroup.nl\\\/boekingen\\\/#website\"},\"datePublished\":\"2025-05-02T10:15:00+00:00\",\"dateModified\":\"2025-12-19T22:11:27+00:00\",\"breadcrumb\":{\"@id\":\"https:\\\/\\\/ace-entertainmentgroup.nl\\\/boekingen\\\/totaal-programmering\\\/#breadcrumb\"},\"inLanguage\":\"nl-NL\",\"potentialAction\":[{\"@type\":\"ReadAction\",\"target\":[\"https:\\\/\\\/ace-entertainmentgroup.nl\\\/boekingen\\\/totaal-programmering\\\/\"]}]},{\"@type\":\"BreadcrumbList\",\"@id\":\"https:\\\/\\\/ace-entertainmentgroup.nl\\\/boekingen\\\/totaal-programmering\\\/#breadcrumb\",\"itemListElement\":[{\"@type\":\"ListItem\",\"position\":1,\"name\":\"Home\",\"item\":\"https:\\\/\\\/ace-entertainmentgroup.nl\\\/boekingen\\\/\"},{\"@type\":\"ListItem\",\"position\":2,\"name\":\"Totaal programmering\"}]},{\"@type\":\"WebSite\",\"@id\":\"https:\\\/\\\/ace-entertainmentgroup.nl\\\/boekingen\\\/#website\",\"url\":\"https:\\\/\\\/ace-entertainmentgroup.nl\\\/boekingen\\\/\",\"name\":\"Ace Entertainment Group\",\"description\":\"\",\"potentialAction\":[{\"@type\":\"SearchAction\",\"target\":{\"@type\":\"EntryPoint\",\"urlTemplate\":\"https:\\\/\\\/ace-entertainmentgroup.nl\\\/boekingen\\\/?s={search_term_string}\"},\"query-input\":{\"@type\":\"PropertyValueSpecification\",\"valueRequired\":true,\"valueName\":\"search_term_string\"}}],\"inLanguage\":\"nl-NL\"}]}<\/script>\n<!-- \/ Yoast SEO plugin. -->","yoast_head_json":{"title":"Totaal programmering - Ace Entertainment Group","robots":{"index":"index","follow":"follow","max-snippet":"max-snippet:-1","max-image-preview":"max-image-preview:large","max-video-preview":"max-video-preview:-1"},"canonical":"https:\/\/ace-entertainmentgroup.nl\/boekingen\/totaal-programmering\/","og_locale":"nl_NL","og_type":"article","og_title":"Totaal programmering - Ace Entertainment Group","og_url":"https:\/\/ace-entertainmentgroup.nl\/boekingen\/totaal-programmering\/","og_site_name":"Ace Entertainment Group","article_modified_time":"2025-12-19T22:11:27+00:00","og_image":[{"width":1440,"height":1443,"url":"https:\/\/ace-entertainmentgroup.nl\/boekingen\/wp-content\/uploads\/2026\/01\/harm_contact_aceentertainmentgroup.jpg","type":"image\/jpeg"}],"twitter_card":"summary_large_image","twitter_misc":{"Geschatte leestijd":"2 minuten"},"schema":{"@context":"https:\/\/schema.org","@graph":[{"@type":"WebPage","@id":"https:\/\/ace-entertainmentgroup.nl\/boekingen\/totaal-programmering\/","url":"https:\/\/ace-entertainmentgroup.nl\/boekingen\/totaal-programmering\/","name":"Totaal programmering - Ace Entertainment Group","isPartOf":{"@id":"https:\/\/ace-entertainmentgroup.nl\/boekingen\/#website"},"datePublished":"2025-05-02T10:15:00+00:00","dateModified":"2025-12-19T22:11:27+00:00","breadcrumb":{"@id":"https:\/\/ace-entertainmentgroup.nl\/boekingen\/totaal-programmering\/#breadcrumb"},"inLanguage":"nl-NL","potentialAction":[{"@type":"ReadAction","target":["https:\/\/ace-entertainmentgroup.nl\/boekingen\/totaal-programmering\/"]}]},{"@type":"BreadcrumbList","@id":"https:\/\/ace-entertainmentgroup.nl\/boekingen\/totaal-programmering\/#breadcrumb","itemListElement":[{"@type":"ListItem","position":1,"name":"Home","item":"https:\/\/ace-entertainmentgroup.nl\/boekingen\/"},{"@type":"ListItem","position":2,"name":"Totaal programmering"}]},{"@type":"WebSite","@id":"https:\/\/ace-entertainmentgroup.nl\/boekingen\/#website","url":"https:\/\/ace-entertainmentgroup.nl\/boekingen\/","name":"Ace Entertainment Group","description":"","potentialAction":[{"@type":"SearchAction","target":{"@type":"EntryPoint","urlTemplate":"https:\/\/ace-entertainmentgroup.nl\/boekingen\/?s={search_term_string}"},"query-input":{"@type":"PropertyValueSpecification","valueRequired":true,"valueName":"search_term_string"}}],"inLanguage":"nl-NL"}]}},"_links":{"self":[{"href":"https:\/\/ace-entertainmentgroup.nl\/boekingen\/wp-json\/wp\/v2\/pages\/8601","targetHints":{"allow":["GET"]}}],"collection":[{"href":"https:\/\/ace-entertainmentgroup.nl\/boekingen\/wp-json\/wp\/v2\/pages"}],"about":[{"href":"https:\/\/ace-entertainmentgroup.nl\/boekingen\/wp-json\/wp\/v2\/types\/page"}],"author":[{"embeddable":true,"href":"https:\/\/ace-entertainmentgroup.nl\/boekingen\/wp-json\/wp\/v2\/users\/1"}],"replies":[{"embeddable":true,"href":"https:\/\/ace-entertainmentgroup.nl\/boekingen\/wp-json\/wp\/v2\/comments?post=8601"}],"version-history":[{"count":1,"href":"https:\/\/ace-entertainmentgroup.nl\/boekingen\/wp-json\/wp\/v2\/pages\/8601\/revisions"}],"predecessor-version":[{"id":8992,"href":"https:\/\/ace-entertainmentgroup.nl\/boekingen\/wp-json\/wp\/v2\/pages\/8601\/revisions\/8992"}],"wp:attachment":[{"href":"https:\/\/ace-entertainmentgroup.nl\/boekingen\/wp-json\/wp\/v2\/media?parent=8601"}],"curies":[{"name":"wp","href":"https:\/\/api.w.org\/{rel}","templated":true}]}}